
{"id":39,"date":"2024-03-18T15:48:58","date_gmt":"2024-03-18T15:48:58","guid":{"rendered":"https:\/\/addhealth-parentstudy.cpc.unc.edu\/?page_id=39"},"modified":"2026-03-30T02:18:53","modified_gmt":"2026-03-30T02:18:53","slug":"home-front-page-introduction-section","status":"publish","type":"page","link":"https:\/\/addhealth-parentstudy.cpc.unc.edu\/es\/home-front-page-introduction-section\/","title":{"rendered":"Home"},"content":{"rendered":"<div style=\"height:28px\" aria-hidden=\"true\" class=\"wp-block-spacer\"><\/div>\n\n\n\n<h2 class=\"wp-block-heading has-text-align-center has-text-color has-link-color has-x-large-font-size wp-elements-9b7774806e56bc7bc658da07c7955bf6\" style=\"color:#22415a\">\"Estudio de Salud Familiar\"<\/h2>\n\n\n\n\n\n<figure class=\"wp-block-embed is-type-video is-provider-youtube wp-block-embed-youtube wp-embed-aspect-16-9 wp-has-aspect-ratio\"><div class=\"wp-block-embed__wrapper\">\n<iframe loading=\"lazy\" title=\"Add Health Parent Study Video - Spanish\" width=\"720\" height=\"405\" src=\"https:\/\/www.youtube.com\/embed\/1tGAFSmlNcQ?feature=oembed\" frameborder=\"0\" allow=\"accelerometer; autoplay; clipboard-write; encrypted-media; gyroscope; picture-in-picture; web-share\" referrerpolicy=\"strict-origin-when-cross-origin\" allowfullscreen><\/iframe>\n<\/div><\/figure>\n\n\n\n<p class=\"has-text-color has-link-color has-medium-font-size wp-elements-7e82f48b216c9486204ed54a913bee49\" style=\"color:#22415a;font-style:normal;font-weight:500\">El Estudio Nacional Longitudinal de Salud para Adolescentes, Adultos y sus Padres, conocido com\u00fanmente como el Estudio de Salud Familiar, es un proyecto que se basa en el Estudio Nacional Longitudinal de Salud para Adolescentes y Adultos (Add Health), en el que sus hijos fueron inscritos a mediados de los a\u00f1os 1990. <\/p>\n\n\n\n<p class=\"has-text-color has-link-color has-medium-font-size wp-elements-b8f1c6cc6c9190179419f3f38fd92150\" style=\"color:#22415a;font-style:normal;font-weight:500\">La primera fase del estudio se realiz\u00f3 entre 2015 y 2017, recopilando informaci\u00f3n social, de comportamiento y de salud de los padres y madres de los participantes de Add Health que fueron entrevistados por primera vez en 1995. M\u00e1s de 5,500 padres y madres, de entre 50 y 80 a\u00f1os, compartieron informaci\u00f3n valiosa que representa a m\u00e1s de 2,200 familias.<\/p>\n\n\n\n<p class=\"has-text-color has-link-color has-medium-font-size wp-elements-ab81dad8469a79f9389a3b196c196abb\" style=\"color:#22415a;font-style:normal;font-weight:500\">Ahora, en la Fase 2, estamos ampliando este importante trabajo. Recopilaremos m\u00e1s informaci\u00f3n sobre salud, comportamiento y cognici\u00f3n de los padres y sus c\u00f3nyuges o parejas. Tambi\u00e9n estamos trabajando para vincular esta informaci\u00f3n con los datos previos de los participantes de Add Health para crear uno de los estudios de salud familiar m\u00e1s completos jam\u00e1s realizados.<\/p>\n\n\n\n<p class=\"has-text-color has-link-color has-medium-font-size wp-elements-508ba03cf38d636dab49045491279f2a\" style=\"color:#22415a;font-style:normal;font-weight:500\">Estos esfuerzos nos permitir\u00e1n entender mejor c\u00f3mo las conexiones familiares impactan la salud y el cuidado a lo largo del tiempo. Tu participaci\u00f3n marca la diferencia y ayuda a crear un recurso para futuros descubrimientos sobre la salud y las relaciones familiares.<\/p>\n\n\n<style>.wp-block-kadence-spacer.kt-block-spacer-39_9f4a2f-74 .kt-block-spacer{height:60px;}.wp-block-kadence-spacer.kt-block-spacer-39_9f4a2f-74 .kt-divider{border-top-width:3px;height:1px;border-top-color:#22415a;width:100%;border-top-style:solid;}<\/style>\n<div class=\"wp-block-kadence-spacer aligncenter kt-block-spacer-39_9f4a2f-74\"><div class=\"kt-block-spacer kt-block-spacer-halign-center\"><hr class=\"kt-divider\"\/><\/div><\/div>\n\n\n\n<h2 class=\"wp-block-heading has-text-align-center has-white-color has-text-color has-background has-link-color has-x-large-font-size wp-elements-3b5b2a8bd52b270730abe56fbc12907e\" style=\"background-color:#22415A\">\u00a1Ahora los Padres Tambi\u00e9n Son Importantes!<\/h2>\n\n\n\n<div class=\"wp-block-columns is-layout-flex wp-container-core-columns-is-layout-9d6595d7 wp-block-columns-is-layout-flex\">\n<div class=\"wp-block-column is-layout-flow wp-block-column-is-layout-flow\">\n<p class=\"has-text-align-center has-text-color has-link-color has-large-font-size wp-elements-e981a7c30742ed11f4c57794d78d756a\" style=\"color:#22415a\"><strong>\u00a1Eres una pieza \u00fanica del rompecabezas! <\/strong><\/p>\n\n\n<style>.kb-image39_2d1937-42 .kb-image-has-overlay:after{opacity:0.3;}<\/style>\n<figure class=\"wp-block-kadence-image kb-image39_2d1937-42 size-large\"><img loading=\"lazy\" decoding=\"async\" width=\"1200\" height=\"433\" src=\"https:\/\/addhealth-parentstudy.cpc.unc.edu\/wp-content\/uploads\/2025\/02\/PP2-1200x433.png\" alt=\"Puzzle pieces with images of different people.\" class=\"kb-img wp-image-1266\" srcset=\"https:\/\/addhealth-parentstudy.cpc.unc.edu\/wp-content\/uploads\/2025\/02\/PP2-1200x433.png 1200w, https:\/\/addhealth-parentstudy.cpc.unc.edu\/wp-content\/uploads\/2025\/02\/PP2-300x108.png 300w, https:\/\/addhealth-parentstudy.cpc.unc.edu\/wp-content\/uploads\/2025\/02\/PP2-150x54.png 150w, https:\/\/addhealth-parentstudy.cpc.unc.edu\/wp-content\/uploads\/2025\/02\/PP2-768x277.png 768w, https:\/\/addhealth-parentstudy.cpc.unc.edu\/wp-content\/uploads\/2025\/02\/PP2-1536x555.png 1536w, https:\/\/addhealth-parentstudy.cpc.unc.edu\/wp-content\/uploads\/2025\/02\/PP2-18x6.png 18w, https:\/\/addhealth-parentstudy.cpc.unc.edu\/wp-content\/uploads\/2025\/02\/PP2.png 1969w\" sizes=\"auto, (max-width: 1200px) 100vw, 1200px\" \/><\/figure>\n\n\n\n<p class=\"has-text-color has-link-color has-medium-font-size wp-elements-89d6da7cf6e2d71bebe9f0030583806a\" style=\"color:#22415a\">Aqu\u00ed en el Estudio de Salud Familiar, queremos aprender m\u00e1s sobre personas como t\u00fa, padres y madres de entre 50 y 90 a\u00f1os. La investigaci\u00f3n es una oportunidad para que personas de todo tipo comprendan la relaci\u00f3n entre s\u00ed mismos, su entorno y sus familias. Nuestro objetivo es entender c\u00f3mo el envejecimiento afecta aspectos como la memoria, el cuidado de seres queridos y la salud en general. Tambi\u00e9n queremos conocer c\u00f3mo estos factores pueden estar relacionados con la salud y el bienestar de tus hijos.<\/p>\n\n\n\n<p class=\"has-text-color has-link-color has-medium-font-size wp-elements-6b1847a99654cd76770e10d5b4974526\" style=\"color:#22415a\">Como participaste en Add Health en 1995 y en la Fase 1 del Estudio de Salud Familiar (AHPS) en el 2015, nos complace invitarte a formar parte de la siguiente fase de este estudio tan importante. En esta nueva etapa, eres una de las 5,500 personas seleccionadas para una entrevista en persona. Nuestro objetivo es comprender c\u00f3mo diferentes factores influyen en el envejecimiento y la salud a trav\u00e9s del tiempo, de una generaci\u00f3n a otra&nbsp;<\/p>\n\n\n\n<p class=\"has-text-color has-link-color has-medium-font-size wp-elements-a25740370f9ea41ab373ca5cedf5e644\" style=\"color:#22415a\">Si bien no hay beneficios inmediatos, tu participaci\u00f3n ayudar\u00e1 a futuros investigadores a tomar decisiones informadas sobre la salud y el bienestar de personas como t\u00fa. \u00a1Esperamos contar contigo!<\/p>\n\n\n\n<p class=\"has-text-color has-link-color has-medium-font-size wp-elements-83bf31c8708dd5edfac6458fbcda660c\" style=\"color:#22415a\"><\/p>\n<\/div>\n<\/div>\n\n\n\n<h2 class=\"wp-block-heading has-text-align-center has-white-color has-text-color has-background has-link-color has-large-font-size wp-elements-6e923832f9cabc2a84c161bb8fb74b5d\" style=\"background-color:#22415A\"><strong><strong><strong><strong>Su Participaci\u00f3n es Valiosa<\/strong><\/strong><\/strong><\/strong><\/h2>\n\n\n\n<p class=\"has-text-align-center has-text-color has-link-color has-large-font-size wp-elements-027c4db403b3f9bc95fd6c37ed6d5c3d\" style=\"color:#22415a\"><strong>\u00a1Tus Experiencias son Importantes para Nosotros!<\/strong><\/p>\n\n\n<style>.kb-image39_786109-a4 .kb-image-has-overlay:after{opacity:0.3;}<\/style>\n<figure class=\"wp-block-kadence-image kb-image39_786109-a4\"><img decoding=\"async\" src=\"https:\/\/webapp-dev2.cpc.unc.edu\/ah-parent-study\/wp-content\/uploads\/2024\/12\/Banner-16.png\" alt=\"\" class=\"kb-img wp-image-1836\"\/><\/figure>\n\n\n\n<p class=\"has-text-color has-link-color has-medium-font-size wp-elements-a036b0afb352a2c2305ef7ebf1a7f5b7\" style=\"color:#22415a;font-style:normal;font-weight:400\"><strong><strong>\u00a1Queremos conocer tu vida y experiencias! <\/strong><\/strong>\u00danete a uno de los primeros estudios que exploran el envejecimiento a trav\u00e9s de dos generaciones, utilizando datos representativos a nivel nacional a largo plazo que incluyen tanto a hijos adultos como a sus padres. Tu participaci\u00f3n en el estudio ayudar\u00e1 a mejorar el conocimiento sobre el envejecimiento y a cerrar brechas en la investigaci\u00f3n en salud. Nuestro objetivo es encontrar hallazgos que puedan conducir a un futuro m\u00e1s saludable. Al formar parte del Estudio para Padres, puedes ayudar a nuestras comunidades a definir qu\u00e9 significa envejecer bien. <\/p>\n\n\n\n<figure class=\"wp-block-image size-large\"><img loading=\"lazy\" decoding=\"async\" width=\"1113\" height=\"628\" src=\"https:\/\/addhealth-parentstudy.cpc.unc.edu\/wp-content\/uploads\/2025\/02\/TheInterviewProcess-1113x628.png\" alt=\"\" class=\"wp-image-1279\" srcset=\"https:\/\/addhealth-parentstudy.cpc.unc.edu\/wp-content\/uploads\/2025\/02\/TheInterviewProcess-1113x628.png 1113w, https:\/\/addhealth-parentstudy.cpc.unc.edu\/wp-content\/uploads\/2025\/02\/TheInterviewProcess-300x169.png 300w, https:\/\/addhealth-parentstudy.cpc.unc.edu\/wp-content\/uploads\/2025\/02\/TheInterviewProcess-150x85.png 150w, https:\/\/addhealth-parentstudy.cpc.unc.edu\/wp-content\/uploads\/2025\/02\/TheInterviewProcess-768x433.png 768w, https:\/\/addhealth-parentstudy.cpc.unc.edu\/wp-content\/uploads\/2025\/02\/TheInterviewProcess-18x10.png 18w, https:\/\/addhealth-parentstudy.cpc.unc.edu\/wp-content\/uploads\/2025\/02\/TheInterviewProcess.png 1129w\" sizes=\"auto, (max-width: 1113px) 100vw, 1113px\" \/><\/figure>\n\n\n\n<p><\/p>","protected":false},"excerpt":{"rendered":"<p>&#8220;Group of Older diverse seniors looking at a smartphone&#8221;<\/p>","protected":false},"author":1,"featured_media":1105,"parent":0,"menu_order":0,"comment_status":"closed","ping_status":"closed","template":"","meta":{"_acf_changed":false,"footnotes":""},"class_list":["post-39","page","type-page","status-publish","has-post-thumbnail","hentry"],"acf":[],"_links":{"self":[{"href":"https:\/\/addhealth-parentstudy.cpc.unc.edu\/es\/wp-json\/wp\/v2\/pages\/39","targetHints":{"allow":["GET"]}}],"collection":[{"href":"https:\/\/addhealth-parentstudy.cpc.unc.edu\/es\/wp-json\/wp\/v2\/pages"}],"about":[{"href":"https:\/\/addhealth-parentstudy.cpc.unc.edu\/es\/wp-json\/wp\/v2\/types\/page"}],"author":[{"embeddable":true,"href":"https:\/\/addhealth-parentstudy.cpc.unc.edu\/es\/wp-json\/wp\/v2\/users\/1"}],"replies":[{"embeddable":true,"href":"https:\/\/addhealth-parentstudy.cpc.unc.edu\/es\/wp-json\/wp\/v2\/comments?post=39"}],"version-history":[{"count":109,"href":"https:\/\/addhealth-parentstudy.cpc.unc.edu\/es\/wp-json\/wp\/v2\/pages\/39\/revisions"}],"predecessor-version":[{"id":1385,"href":"https:\/\/addhealth-parentstudy.cpc.unc.edu\/es\/wp-json\/wp\/v2\/pages\/39\/revisions\/1385"}],"wp:featuredmedia":[{"embeddable":true,"href":"https:\/\/addhealth-parentstudy.cpc.unc.edu\/es\/wp-json\/wp\/v2\/media\/1105"}],"wp:attachment":[{"href":"https:\/\/addhealth-parentstudy.cpc.unc.edu\/es\/wp-json\/wp\/v2\/media?parent=39"}],"curies":[{"name":"wp","href":"https:\/\/api.w.org\/{rel}","templated":true}]}}