
{"id":28,"date":"2024-03-18T15:45:20","date_gmt":"2024-03-18T15:45:20","guid":{"rendered":"https:\/\/addhealth-parentstudy.cpc.unc.edu\/?page_id=28"},"modified":"2025-01-29T15:55:26","modified_gmt":"2025-01-29T15:55:26","slug":"contact-us","status":"publish","type":"page","link":"https:\/\/addhealth-parentstudy.cpc.unc.edu\/es\/contact-us\/","title":{"rendered":"Cont\u00e1ctenos"},"content":{"rendered":"<h2 class=\"wp-block-heading has-text-color has-link-color has-large-font-size wp-elements-44e9ed1fe4d0f7d2e68137caa51a8e0d\" style=\"color:#22415a\">Cont\u00e1ctenos<\/h2>\n\n\n<div class=\"wp-block-image\">\n<figure class=\"alignright size-full is-resized\"><img loading=\"lazy\" decoding=\"async\" width=\"2560\" height=\"1707\" src=\"https:\/\/addhealth-parentstudy.cpc.unc.edu\/wp-content\/uploads\/2024\/05\/AHPS_Stock17-scaled.jpeg\" alt=\"Older Latin women sitting and smiling at her tablet\" class=\"wp-image-469\" style=\"width:478px;height:auto\" srcset=\"https:\/\/addhealth-parentstudy.cpc.unc.edu\/wp-content\/uploads\/2024\/05\/AHPS_Stock17-scaled.jpeg 2560w, https:\/\/addhealth-parentstudy.cpc.unc.edu\/wp-content\/uploads\/2024\/05\/AHPS_Stock17-300x200.jpeg 300w, https:\/\/addhealth-parentstudy.cpc.unc.edu\/wp-content\/uploads\/2024\/05\/AHPS_Stock17-1024x683.jpeg 1024w, https:\/\/addhealth-parentstudy.cpc.unc.edu\/wp-content\/uploads\/2024\/05\/AHPS_Stock17-768x512.jpeg 768w, https:\/\/addhealth-parentstudy.cpc.unc.edu\/wp-content\/uploads\/2024\/05\/AHPS_Stock17-1536x1024.jpeg 1536w, https:\/\/addhealth-parentstudy.cpc.unc.edu\/wp-content\/uploads\/2024\/05\/AHPS_Stock17-2048x1366.jpeg 2048w, https:\/\/addhealth-parentstudy.cpc.unc.edu\/wp-content\/uploads\/2024\/05\/AHPS_Stock17-18x12.jpeg 18w\" sizes=\"auto, (max-width: 2560px) 100vw, 2560px\" \/><\/figure>\n<\/div>\n\n\n<p class=\"has-black-color has-text-color has-link-color has-medium-font-size wp-elements-330e6230cae36644f6b69a049dc07727\">\u00a1Agradecemos su inter\u00e9s en nuestro estudio! Su participaci\u00f3n es de gran valor mientras investigamos la salud y el bienestar a lo largo de diferentes generaciones. Su colaboraci\u00f3n es importante para nuestros esfuerzos de investigaci\u00f3n.<\/p>\n\n\n\n<p class=\"has-black-color has-text-color has-link-color has-medium-font-size wp-elements-b81dbfb6b9bc897042187e2b6e442b88\">No dude en ponerse en contacto con nuestro equipo de personal si tiene alguna pregunta, inquietud o comentario, o si a\u00fan no lo han contactado para programar su entrevista en persona. Estamos aqu\u00ed para ayudarlo en lo que necesite.<\/p>\n\n\n<style>.wp-block-kadence-spacer.kt-block-spacer-28_faa75f-94 .kt-block-spacer{height:60px;}.wp-block-kadence-spacer.kt-block-spacer-28_faa75f-94 .kt-divider{border-top-width:3px;height:1px;border-top-color:#22415a;width:100%;border-top-style:solid;}<\/style>\n<div class=\"wp-block-kadence-spacer aligncenter kt-block-spacer-28_faa75f-94\"><div class=\"kt-block-spacer kt-block-spacer-halign-center\"><hr class=\"kt-divider\"\/><\/div><\/div>\n\n\n\n<h2 class=\"wp-block-heading has-text-color has-link-color has-large-font-size wp-elements-d17e176ca6002a66ef4dc2b8e70b8736\" style=\"color:#22415a\">Actualice su Informaci\u00f3n de Contacto<\/h2>\n\n\n<style>.kb-row-layout-id28_271fc9-00 > .kt-row-column-wrap{align-content:start;}:where(.kb-row-layout-id28_271fc9-00 > .kt-row-column-wrap) > .wp-block-kadence-column{justify-content:start;}.kb-row-layout-id28_271fc9-00 > .kt-row-column-wrap{column-gap:var(--global-kb-gap-md, 2rem);row-gap:var(--global-kb-gap-md, 2rem);padding-top:var(--global-kb-spacing-sm, 1.5rem);padding-bottom:var(--global-kb-spacing-sm, 1.5rem);grid-template-columns:repeat(2, minmax(0, 1fr));}.kb-row-layout-id28_271fc9-00 > .kt-row-layout-overlay{opacity:0.30;}@media all and (max-width: 1024px){.kb-row-layout-id28_271fc9-00 > .kt-row-column-wrap{grid-template-columns:repeat(2, minmax(0, 1fr));}}@media all and (max-width: 767px){.kb-row-layout-id28_271fc9-00 > .kt-row-column-wrap{grid-template-columns:minmax(0, 1fr);}}<\/style><div class=\"kb-row-layout-wrap kb-row-layout-id28_271fc9-00 alignnone wp-block-kadence-rowlayout\"><div class=\"kt-row-column-wrap kt-has-2-columns kt-row-layout-equal kt-tab-layout-inherit kt-mobile-layout-row kt-row-valign-top\">\n<style>.kadence-column28_4d440f-04 > .kt-inside-inner-col,.kadence-column28_4d440f-04 > .kt-inside-inner-col:before{border-top-left-radius:0px;border-top-right-radius:0px;border-bottom-right-radius:0px;border-bottom-left-radius:0px;}.kadence-column28_4d440f-04 > .kt-inside-inner-col{column-gap:var(--global-kb-gap-sm, 1rem);}.kadence-column28_4d440f-04 > .kt-inside-inner-col{flex-direction:column;}.kadence-column28_4d440f-04 > .kt-inside-inner-col > .aligncenter{width:100%;}.kadence-column28_4d440f-04 > .kt-inside-inner-col:before{opacity:0.3;}.kadence-column28_4d440f-04{position:relative;}@media all and (max-width: 1024px){.kadence-column28_4d440f-04 > .kt-inside-inner-col{flex-direction:column;justify-content:center;}}@media all and (max-width: 767px){.kadence-column28_4d440f-04 > .kt-inside-inner-col{flex-direction:column;justify-content:center;}}<\/style>\n<div class=\"wp-block-kadence-column kadence-column28_4d440f-04\"><div class=\"kt-inside-inner-col\">\n<p class=\"has-black-color has-text-color has-link-color has-medium-font-size wp-elements-e463623db3eeeb1602f69bb48a7e4d86\">Para asegurarnos de mantenernos en contacto con usted, le pedimos que dedique un momento a actualizar su informaci\u00f3n de contacto utilizando el formulario que se encuentra a continuaci\u00f3n.  Puede tener la seguridad de que su privacidad es nuestra prioridad. Toda la informaci\u00f3n que comparta ser\u00e1 tratada de manera confidencial y manejada de forma segura, siguiendo las estrictas pautas establecidas por la Universidad de Carolina del Norte en Chapel Hill.<\/p>\n\n\n\n<p class=\"has-black-color has-text-color has-link-color has-medium-font-size wp-elements-9ef4627002d2385be083e437c19fe610\"><strong>Por favor, utilice este formulario para informarnos de cualquier cambio en su nombre, direcci\u00f3n, n\u00famero de tel\u00e9fono u otros detalles relevantes. Los campos marcados con un asterisco (*) son obligatorios.<\/strong><\/p>\n<\/div><\/div>\n\n\n<style>.kadence-column28_c02c50-cb > .kt-inside-inner-col,.kadence-column28_c02c50-cb > .kt-inside-inner-col:before{border-top-left-radius:0px;border-top-right-radius:0px;border-bottom-right-radius:0px;border-bottom-left-radius:0px;}.kadence-column28_c02c50-cb > .kt-inside-inner-col{column-gap:var(--global-kb-gap-sm, 1rem);}.kadence-column28_c02c50-cb > .kt-inside-inner-col{flex-direction:column;}.kadence-column28_c02c50-cb > .kt-inside-inner-col > .aligncenter{width:100%;}.kadence-column28_c02c50-cb > .kt-inside-inner-col:before{opacity:0.3;}.kadence-column28_c02c50-cb{position:relative;}@media all and (max-width: 1024px){.kadence-column28_c02c50-cb > .kt-inside-inner-col{flex-direction:column;justify-content:center;}}@media all and (max-width: 767px){.kadence-column28_c02c50-cb > .kt-inside-inner-col{flex-direction:column;justify-content:center;}}<\/style>\n<div class=\"wp-block-kadence-column kadence-column28_c02c50-cb\"><div class=\"kt-inside-inner-col\"><style>.kb-image28_88b129-ec .kb-image-has-overlay:after{opacity:0.3;}<\/style>\n<figure class=\"wp-block-kadence-image kb-image28_88b129-ec size-large\"><img loading=\"lazy\" decoding=\"async\" width=\"942\" height=\"628\" src=\"https:\/\/addhealth-parentstudy.cpc.unc.edu\/wp-content\/uploads\/2025\/01\/AHPS_Stock50-942x628.jpeg\" alt=\"Mature Hispanic man holding a soccer ball while using phone\" class=\"kb-img wp-image-1146\" srcset=\"https:\/\/addhealth-parentstudy.cpc.unc.edu\/wp-content\/uploads\/2025\/01\/AHPS_Stock50-942x628.jpeg 942w, https:\/\/addhealth-parentstudy.cpc.unc.edu\/wp-content\/uploads\/2025\/01\/AHPS_Stock50-300x200.jpeg 300w, https:\/\/addhealth-parentstudy.cpc.unc.edu\/wp-content\/uploads\/2025\/01\/AHPS_Stock50-150x100.jpeg 150w, https:\/\/addhealth-parentstudy.cpc.unc.edu\/wp-content\/uploads\/2025\/01\/AHPS_Stock50-768x512.jpeg 768w, https:\/\/addhealth-parentstudy.cpc.unc.edu\/wp-content\/uploads\/2025\/01\/AHPS_Stock50-18x12.jpeg 18w\" sizes=\"auto, (max-width: 942px) 100vw, 942px\" \/><\/figure>\n<\/div><\/div>\n\n<\/div><\/div>\n\n\n<p class=\"has-black-color has-text-color has-link-color has-medium-font-size wp-elements-9ea9de3557edab6b4469dff93e6affdc\"><\/p>\n\n\n<style>.kb-row-layout-id28_92ad62-f7 > .kt-row-column-wrap{align-content:start;}:where(.kb-row-layout-id28_92ad62-f7 > .kt-row-column-wrap) > .wp-block-kadence-column{justify-content:start;}.kb-row-layout-id28_92ad62-f7 > .kt-row-column-wrap{column-gap:var(--global-kb-gap-md, 2rem);row-gap:var(--global-kb-gap-md, 2rem);max-width:300px;margin-left:auto;margin-right:auto;padding-top:var(--global-kb-spacing-sm, 1.5rem);padding-bottom:var(--global-kb-spacing-sm, 1.5rem);grid-template-columns:minmax(0, 1fr);}.kb-row-layout-id28_92ad62-f7 > .kt-row-layout-overlay{opacity:0.30;}@media all and (max-width: 1024px){.kb-row-layout-id28_92ad62-f7 > .kt-row-column-wrap{grid-template-columns:minmax(0, 1fr);}}@media all and (max-width: 767px){.kb-row-layout-id28_92ad62-f7 > .kt-row-column-wrap{grid-template-columns:minmax(0, 1fr);}}<\/style><div class=\"kb-row-layout-wrap kb-row-layout-id28_92ad62-f7 alignnone wp-block-kadence-rowlayout\"><div class=\"kt-row-column-wrap kt-has-1-columns kt-row-layout-equal kt-tab-layout-inherit kt-mobile-layout-row kt-row-valign-top\">\n<style>.kadence-column28_01d044-26 > .kt-inside-inner-col,.kadence-column28_01d044-26 > .kt-inside-inner-col:before{border-top-left-radius:0px;border-top-right-radius:0px;border-bottom-right-radius:0px;border-bottom-left-radius:0px;}.kadence-column28_01d044-26 > .kt-inside-inner-col{column-gap:var(--global-kb-gap-sm, 1rem);}.kadence-column28_01d044-26 > .kt-inside-inner-col{flex-direction:column;}.kadence-column28_01d044-26 > .kt-inside-inner-col > .aligncenter{width:100%;}.kadence-column28_01d044-26 > .kt-inside-inner-col:before{opacity:0.3;}.kadence-column28_01d044-26{position:relative;}@media all and (max-width: 1024px){.kadence-column28_01d044-26 > .kt-inside-inner-col{flex-direction:column;justify-content:center;}}@media all and (max-width: 767px){.kadence-column28_01d044-26 > .kt-inside-inner-col{flex-direction:column;justify-content:center;}}<\/style>\n<div class=\"wp-block-kadence-column kadence-column28_01d044-26\"><div class=\"kt-inside-inner-col\"><div class='ah-parent-image-link'>\n                <a href='https:\/\/go.unc.edu\/AHPSContactForm'>\n                    <img src='https:\/\/addhealth-parentstudy.cpc.unc.edu\/wp-content\/uploads\/2024\/05\/Icon2.png' alt=''>\n                    <div class='ah-parent-image-link-title-container'>\n                        <span><strong>Actualizar su informacion<\/strong><\/span>\n                    <\/div>\n                <\/a>\n            <\/div>\n<\/div><\/div>\n\n<\/div><\/div>\n\n\n<hr class=\"wp-block-separator has-text-color has-alpha-channel-opacity has-background is-style-default\" style=\"background-color:#22415a;color:#22415a\"\/>\n\n\n\n<p class=\"has-black-color has-text-color has-link-color has-medium-font-size wp-elements-95e5f261faefe450c7c74cbd66617752\">Queremos expresar nuestro sincero agradecimiento por su continuo apoyo y participaci\u00f3n en el Estudio de Salud Familiar. Su compromiso es invaluable y nos impulsa en nuestro camino. Si tiene alguna sugerencia o experimenta dificultades para acceder al contenido en nuestro sitio web, no dude en comunicarse con nosotros. Su opini\u00f3n es fundamental para mejorar nuestra plataforma y brindar una experiencia \u00f3ptima para todos los participantes. \u00a1Gracias nuevamente por ser parte de este importante proyecto! <strong><strong>(toll free)<\/strong>&nbsp;at 877-475-7051<\/strong>&nbsp;<strong>or email&nbsp;<a href=\"mailto:AHPS@rti.org\">AHPS@rti.org<\/a><\/strong>. Su opini\u00f3n es fundamental para mejorar nuestro servicio y asegurar una experiencia de alta calidad para todos los participantes. \u00a1Le agradecemos nuevamente por formar parte de este importante proyecto!<\/p>\n\n\n\n<p><\/p>","protected":false},"excerpt":{"rendered":"<p>Person using smartphone<\/p>","protected":false},"author":1,"featured_media":783,"parent":0,"menu_order":0,"comment_status":"closed","ping_status":"closed","template":"","meta":{"_acf_changed":false,"footnotes":""},"class_list":["post-28","page","type-page","status-publish","has-post-thumbnail","hentry"],"acf":[],"_links":{"self":[{"href":"https:\/\/addhealth-parentstudy.cpc.unc.edu\/es\/wp-json\/wp\/v2\/pages\/28","targetHints":{"allow":["GET"]}}],"collection":[{"href":"https:\/\/addhealth-parentstudy.cpc.unc.edu\/es\/wp-json\/wp\/v2\/pages"}],"about":[{"href":"https:\/\/addhealth-parentstudy.cpc.unc.edu\/es\/wp-json\/wp\/v2\/types\/page"}],"author":[{"embeddable":true,"href":"https:\/\/addhealth-parentstudy.cpc.unc.edu\/es\/wp-json\/wp\/v2\/users\/1"}],"replies":[{"embeddable":true,"href":"https:\/\/addhealth-parentstudy.cpc.unc.edu\/es\/wp-json\/wp\/v2\/comments?post=28"}],"version-history":[{"count":53,"href":"https:\/\/addhealth-parentstudy.cpc.unc.edu\/es\/wp-json\/wp\/v2\/pages\/28\/revisions"}],"predecessor-version":[{"id":1152,"href":"https:\/\/addhealth-parentstudy.cpc.unc.edu\/es\/wp-json\/wp\/v2\/pages\/28\/revisions\/1152"}],"wp:featuredmedia":[{"embeddable":true,"href":"https:\/\/addhealth-parentstudy.cpc.unc.edu\/es\/wp-json\/wp\/v2\/media\/783"}],"wp:attachment":[{"href":"https:\/\/addhealth-parentstudy.cpc.unc.edu\/es\/wp-json\/wp\/v2\/media?parent=28"}],"curies":[{"name":"wp","href":"https:\/\/api.w.org\/{rel}","templated":true}]}}