
{"id":20,"date":"2024-03-18T15:44:36","date_gmt":"2024-03-18T15:44:36","guid":{"rendered":"https:\/\/addhealth-parentstudy.cpc.unc.edu\/?page_id=20"},"modified":"2026-03-30T02:33:21","modified_gmt":"2026-03-30T02:33:21","slug":"privacy","status":"publish","type":"page","link":"https:\/\/addhealth-parentstudy.cpc.unc.edu\/es\/privacy\/","title":{"rendered":"Privacidad"},"content":{"rendered":"<h2 class=\"wp-block-heading has-text-color has-link-color has-large-font-size wp-elements-9541b58b462c711e567a9a314f7dd421\" style=\"color:#22415a\">\u00bfC\u00f3mo el Estudio de Salud Familiar garantiza la protecion de  mi informaci\u00f3n?<\/h2>\n\n\n\n<p class=\"has-black-color has-text-color has-link-color has-medium-font-size wp-elements-74157219257ba007b990a755690d40d0\">Para asegurar que toda la informaci\u00f3n que usted proporcione en cualquier momento de nuestro estudio est\u00e9 segura, se han implementado varias niveles de seguridad. Solo personal capacitado tienen acceso al servidor donde se almacenan sus datos. Toda la informaci\u00f3n identificativa almacenada en estos servidores tambi\u00e9n est\u00e1 protegida y encriptada, garantizando que su informaci\u00f3n est\u00e9 segura en todo momento.<\/p>\n\n\n<style>.wp-block-kadence-spacer.kt-block-spacer-20_93a966-a1 .kt-block-spacer{height:60px;}.wp-block-kadence-spacer.kt-block-spacer-20_93a966-a1 .kt-divider{border-top-width:1px;height:1px;border-top-color:#22415a;width:70%;border-top-style:solid;}<\/style>\n<div class=\"wp-block-kadence-spacer aligncenter kt-block-spacer-20_93a966-a1\"><div class=\"kt-block-spacer kt-block-spacer-halign-center\"><hr class=\"kt-divider\"\/><\/div><\/div>\n\n\n<div class=\"wp-block-image\">\n<figure class=\"aligncenter size-full is-resized\"><img loading=\"lazy\" decoding=\"async\" width=\"1201\" height=\"578\" src=\"https:\/\/addhealth-parentstudy.cpc.unc.edu\/wp-content\/uploads\/2024\/08\/Security_Graphic_2.png\" alt=\"\" class=\"wp-image-380\" style=\"width:788px;height:auto\" srcset=\"https:\/\/addhealth-parentstudy.cpc.unc.edu\/wp-content\/uploads\/2024\/08\/Security_Graphic_2.png 1201w, https:\/\/addhealth-parentstudy.cpc.unc.edu\/wp-content\/uploads\/2024\/08\/Security_Graphic_2-300x144.png 300w, https:\/\/addhealth-parentstudy.cpc.unc.edu\/wp-content\/uploads\/2024\/08\/Security_Graphic_2-150x72.png 150w, https:\/\/addhealth-parentstudy.cpc.unc.edu\/wp-content\/uploads\/2024\/08\/Security_Graphic_2-768x370.png 768w, https:\/\/addhealth-parentstudy.cpc.unc.edu\/wp-content\/uploads\/2024\/08\/Security_Graphic_2-18x9.png 18w\" sizes=\"auto, (max-width: 1201px) 100vw, 1201px\" \/><\/figure>\n<\/div>\n\n<style>.kt-accordion-id20_45c7e9-26 .kt-accordion-inner-wrap{column-gap:var(--global-kb-gap-md, 2rem);row-gap:10px;}.kt-accordion-id20_45c7e9-26 .kt-accordion-panel-inner{border-top:0px solid transparent;border-right:0px solid transparent;border-bottom:0px solid transparent;border-left:0px solid transparent;background:#ffffff;padding-top:var(--global-kb-spacing-sm, 1.5rem);padding-right:var(--global-kb-spacing-sm, 1.5rem);padding-bottom:var(--global-kb-spacing-sm, 1.5rem);padding-left:var(--global-kb-spacing-sm, 1.5rem);}.kt-accordion-id20_45c7e9-26 > .kt-accordion-inner-wrap > .wp-block-kadence-pane > .kt-accordion-header-wrap > .kt-blocks-accordion-header{border-top:0px solid #f2f2f2;border-right:0px solid #f2f2f2;border-bottom:0px solid #f2f2f2;border-left:0px solid #f2f2f2;border-top-left-radius:6px;border-top-right-radius:6px;border-bottom-right-radius:6px;border-bottom-left-radius:6px;background:#22415a;font-size:var(--global-kb-font-size-md, 1.25rem);color:#ffffff;padding-top:14px;padding-right:16px;padding-bottom:14px;padding-left:16px;}.kt-accordion-id20_45c7e9-26:not( .kt-accodion-icon-style-basiccircle ):not( .kt-accodion-icon-style-xclosecircle ):not( .kt-accodion-icon-style-arrowcircle )  > .kt-accordion-inner-wrap > .wp-block-kadence-pane > .kt-accordion-header-wrap .kt-blocks-accordion-icon-trigger:after, .kt-accordion-id20_45c7e9-26:not( .kt-accodion-icon-style-basiccircle ):not( .kt-accodion-icon-style-xclosecircle ):not( .kt-accodion-icon-style-arrowcircle )  > .kt-accordion-inner-wrap > .wp-block-kadence-pane > .kt-accordion-header-wrap .kt-blocks-accordion-icon-trigger:before{background:#ffffff;}.kt-accordion-id20_45c7e9-26:not( .kt-accodion-icon-style-basic ):not( .kt-accodion-icon-style-xclose ):not( .kt-accodion-icon-style-arrow ) .kt-blocks-accordion-icon-trigger{background:#ffffff;}.kt-accordion-id20_45c7e9-26:not( .kt-accodion-icon-style-basic ):not( .kt-accodion-icon-style-xclose ):not( .kt-accodion-icon-style-arrow ) .kt-blocks-accordion-icon-trigger:after, .kt-accordion-id20_45c7e9-26:not( .kt-accodion-icon-style-basic ):not( .kt-accodion-icon-style-xclose ):not( .kt-accodion-icon-style-arrow ) .kt-blocks-accordion-icon-trigger:before{background:#22415a;}.kt-accordion-id20_45c7e9-26 > .kt-accordion-inner-wrap > .wp-block-kadence-pane > .kt-accordion-header-wrap > .kt-blocks-accordion-header:hover, \n\t\t\t\tbody:not(.hide-focus-outline) .kt-accordion-id20_45c7e9-26 .kt-blocks-accordion-header:focus-visible{color:#444444;background:#eeeeee;border-top-color:#eeeeee;border-top-style:solid;border-right-color:#eeeeee;border-right-style:solid;border-bottom-color:#eeeeee;border-bottom-style:solid;border-left-color:#eeeeee;border-left-style:solid;}.kt-accordion-id20_45c7e9-26:not( .kt-accodion-icon-style-basiccircle ):not( .kt-accodion-icon-style-xclosecircle ):not( .kt-accodion-icon-style-arrowcircle ) .kt-accordion-header-wrap .kt-blocks-accordion-header:hover .kt-blocks-accordion-icon-trigger:after, .kt-accordion-id20_45c7e9-26:not( .kt-accodion-icon-style-basiccircle ):not( .kt-accodion-icon-style-xclosecircle ):not( .kt-accodion-icon-style-arrowcircle ) .kt-accordion-header-wrap .kt-blocks-accordion-header:hover .kt-blocks-accordion-icon-trigger:before, body:not(.hide-focus-outline) .kt-accordion-id20_45c7e9-26:not( .kt-accodion-icon-style-basiccircle ):not( .kt-accodion-icon-style-xclosecircle ):not( .kt-accodion-icon-style-arrowcircle ) .kt-blocks-accordion--visible .kt-blocks-accordion-icon-trigger:after, body:not(.hide-focus-outline) .kt-accordion-id20_45c7e9-26:not( .kt-accodion-icon-style-basiccircle ):not( .kt-accodion-icon-style-xclosecircle ):not( .kt-accodion-icon-style-arrowcircle ) .kt-blocks-accordion-header:focus-visible .kt-blocks-accordion-icon-trigger:before{background:#444444;}.kt-accordion-id20_45c7e9-26:not( .kt-accodion-icon-style-basic ):not( .kt-accodion-icon-style-xclose ):not( .kt-accodion-icon-style-arrow ) .kt-accordion-header-wrap .kt-blocks-accordion-header:hover .kt-blocks-accordion-icon-trigger, body:not(.hide-focus-outline) .kt-accordion-id20_45c7e9-26:not( .kt-accodion-icon-style-basic ):not( .kt-accodion-icon-style-xclose ):not( .kt-accodion-icon-style-arrow ) .kt-accordion-header-wrap .kt-blocks-accordion-header:focus-visible .kt-blocks-accordion-icon-trigger{background:#444444;}.kt-accordion-id20_45c7e9-26:not( .kt-accodion-icon-style-basic ):not( .kt-accodion-icon-style-xclose ):not( .kt-accodion-icon-style-arrow ) .kt-accordion-header-wrap .kt-blocks-accordion-header:hover .kt-blocks-accordion-icon-trigger:after, .kt-accordion-id20_45c7e9-26:not( .kt-accodion-icon-style-basic ):not( .kt-accodion-icon-style-xclose ):not( .kt-accodion-icon-style-arrow ) .kt-accordion-header-wrap .kt-blocks-accordion-header:hover .kt-blocks-accordion-icon-trigger:before, body:not(.hide-focus-outline) .kt-accordion-id20_45c7e9-26:not( .kt-accodion-icon-style-basic ):not( .kt-accodion-icon-style-xclose ):not( .kt-accodion-icon-style-arrow ) .kt-accordion-header-wrap .kt-blocks-accordion-header:focus-visible .kt-blocks-accordion-icon-trigger:after, body:not(.hide-focus-outline) .kt-accordion-id20_45c7e9-26:not( .kt-accodion-icon-style-basic ):not( .kt-accodion-icon-style-xclose ):not( .kt-accodion-icon-style-arrow ) .kt-accordion-header-wrap .kt-blocks-accordion-header:focus-visible .kt-blocks-accordion-icon-trigger:before{background:#eeeeee;}.kt-accordion-id20_45c7e9-26 .kt-accordion-header-wrap .kt-blocks-accordion-header:focus-visible,\n\t\t\t\t.kt-accordion-id20_45c7e9-26 > .kt-accordion-inner-wrap > .wp-block-kadence-pane > .kt-accordion-header-wrap > .kt-blocks-accordion-header.kt-accordion-panel-active{color:#ffffff;border-top-color:#BE530B;border-top-style:solid;border-right-color:#BE530B;border-right-style:solid;border-bottom-color:#BE530B;border-bottom-style:solid;border-left-color:#BE530B;border-left-style:solid;}.kt-accordion-id20_45c7e9-26:not( .kt-accodion-icon-style-basiccircle ):not( .kt-accodion-icon-style-xclosecircle ):not( .kt-accodion-icon-style-arrowcircle )  > .kt-accordion-inner-wrap > .wp-block-kadence-pane > .kt-accordion-header-wrap > .kt-blocks-accordion-header.kt-accordion-panel-active .kt-blocks-accordion-icon-trigger:after, .kt-accordion-id20_45c7e9-26:not( .kt-accodion-icon-style-basiccircle ):not( .kt-accodion-icon-style-xclosecircle ):not( .kt-accodion-icon-style-arrowcircle )  > .kt-accordion-inner-wrap > .wp-block-kadence-pane > .kt-accordion-header-wrap > .kt-blocks-accordion-header.kt-accordion-panel-active .kt-blocks-accordion-icon-trigger:before{background:#ffffff;}.kt-accordion-id20_45c7e9-26:not( .kt-accodion-icon-style-basic ):not( .kt-accodion-icon-style-xclose ):not( .kt-accodion-icon-style-arrow ) .kt-blocks-accordion-header.kt-accordion-panel-active .kt-blocks-accordion-icon-trigger{background:#ffffff;}@media all and (max-width: 1024px){.kt-accordion-id20_45c7e9-26 .kt-accordion-panel-inner{border-top:0px solid transparent;border-right:0px solid transparent;border-bottom:0px solid transparent;border-left:0px solid transparent;}}@media all and (max-width: 1024px){.kt-accordion-id20_45c7e9-26 > .kt-accordion-inner-wrap > .wp-block-kadence-pane > .kt-accordion-header-wrap > .kt-blocks-accordion-header{border-top:0px solid #f2f2f2;border-right:0px solid #f2f2f2;border-bottom:0px solid #f2f2f2;border-left:0px solid #f2f2f2;}}@media all and (max-width: 1024px){.kt-accordion-id20_45c7e9-26 > .kt-accordion-inner-wrap > .wp-block-kadence-pane > .kt-accordion-header-wrap > .kt-blocks-accordion-header:hover, \n\t\t\t\tbody:not(.hide-focus-outline) .kt-accordion-id20_45c7e9-26 .kt-blocks-accordion-header:focus-visible{border-top-color:#eeeeee;border-top-style:solid;border-right-color:#eeeeee;border-right-style:solid;border-bottom-color:#eeeeee;border-bottom-style:solid;border-left-color:#eeeeee;border-left-style:solid;}}@media all and (max-width: 1024px){.kt-accordion-id20_45c7e9-26 .kt-accordion-header-wrap .kt-blocks-accordion-header:focus-visible,\n\t\t\t\t.kt-accordion-id20_45c7e9-26 > .kt-accordion-inner-wrap > .wp-block-kadence-pane > .kt-accordion-header-wrap > .kt-blocks-accordion-header.kt-accordion-panel-active{border-top-color:#BE530B;border-top-style:solid;border-right-color:#BE530B;border-right-style:solid;border-bottom-color:#BE530B;border-bottom-style:solid;border-left-color:#BE530B;border-left-style:solid;}}@media all and (max-width: 767px){.kt-accordion-id20_45c7e9-26 .kt-accordion-inner-wrap{display:block;}.kt-accordion-id20_45c7e9-26 .kt-accordion-inner-wrap .kt-accordion-pane:not(:first-child){margin-top:10px;}.kt-accordion-id20_45c7e9-26 .kt-accordion-panel-inner{border-top:0px solid transparent;border-right:0px solid transparent;border-bottom:0px solid transparent;border-left:0px solid transparent;}.kt-accordion-id20_45c7e9-26 > .kt-accordion-inner-wrap > .wp-block-kadence-pane > .kt-accordion-header-wrap > .kt-blocks-accordion-header{border-top:0px solid #f2f2f2;border-right:0px solid #f2f2f2;border-bottom:0px solid #f2f2f2;border-left:0px solid #f2f2f2;}.kt-accordion-id20_45c7e9-26 > .kt-accordion-inner-wrap > .wp-block-kadence-pane > .kt-accordion-header-wrap > .kt-blocks-accordion-header:hover, \n\t\t\t\tbody:not(.hide-focus-outline) .kt-accordion-id20_45c7e9-26 .kt-blocks-accordion-header:focus-visible{border-top-color:#eeeeee;border-top-style:solid;border-right-color:#eeeeee;border-right-style:solid;border-bottom-color:#eeeeee;border-bottom-style:solid;border-left-color:#eeeeee;border-left-style:solid;}.kt-accordion-id20_45c7e9-26 .kt-accordion-header-wrap .kt-blocks-accordion-header:focus-visible,\n\t\t\t\t.kt-accordion-id20_45c7e9-26 > .kt-accordion-inner-wrap > .wp-block-kadence-pane > .kt-accordion-header-wrap > .kt-blocks-accordion-header.kt-accordion-panel-active{border-top-color:#BE530B;border-top-style:solid;border-right-color:#BE530B;border-right-style:solid;border-bottom-color:#BE530B;border-bottom-style:solid;border-left-color:#BE530B;border-left-style:solid;}}<\/style>\n<div class=\"wp-block-kadence-accordion alignnone\"><div class=\"kt-accordion-wrap kt-accordion-id20_45c7e9-26 kt-accordion-has-5-panes kt-active-pane-0 kt-accordion-block kt-pane-header-alignment-left kt-accodion-icon-style-arrowcircle kt-accodion-icon-side-right\" style=\"max-width:none\"><div class=\"kt-accordion-inner-wrap\" data-allow-multiple-open=\"true\" data-start-open=\"none\">\n<div class=\"wp-block-kadence-pane kt-accordion-pane kt-accordion-pane-3 kt-pane20_1aad87-74\"><div class=\"kt-accordion-header-wrap\"><button class=\"kt-blocks-accordion-header kt-acccordion-button-label-show\" type=\"button\"><span class=\"kt-blocks-accordion-title-wrap\"><span class=\"kt-blocks-accordion-title\"><strong>Normas de Seguridad en L\u00ednea de la Universidad<\/strong><\/span><\/span><span class=\"kt-blocks-accordion-icon-trigger\"><\/span><\/button><\/div><div class=\"kt-accordion-panel kt-accordion-panel-hidden\"><div class=\"kt-accordion-panel-inner\">\n<p class=\"has-black-color has-text-color has-link-color has-medium-font-size wp-elements-994d92728907ea49be90c44cf3ffb2b2\">Todos los miembros del personal del estudio han firmado acuerdos legalmente vinculantes que garantizan que no divulgar\u00e1n ninguna informaci\u00f3n por razones distintas a este proyecto de investigaci\u00f3n. Adem\u00e1s, el estudio ha obtenido un Certificado de Confidencialidad federal que protege a\u00fan m\u00e1s su informaci\u00f3n privada.<\/p>\n<\/div><\/div><\/div>\n\n\n\n<div class=\"wp-block-kadence-pane kt-accordion-pane kt-accordion-pane-4 kt-pane20_dc2f52-e3\"><div class=\"kt-accordion-header-wrap\"><button class=\"kt-blocks-accordion-header kt-acccordion-button-label-show\" type=\"button\"><span class=\"kt-blocks-accordion-title-wrap\"><span class=\"kt-blocks-accordion-title\"><strong>Sin Informaci\u00f3n que Pueda Identificarlo<\/strong><\/span><\/span><span class=\"kt-blocks-accordion-icon-trigger\"><\/span><\/button><\/div><div class=\"kt-accordion-panel kt-accordion-panel-hidden\"><div class=\"kt-accordion-panel-inner\">\n<p class=\"has-black-color has-text-color has-link-color has-medium-font-size wp-elements-5e7ca448d02092473784c7fd4f9714ac\">Su informaci\u00f3n personal nunca ser\u00e1 compartida ni vendida. Toda la informaci\u00f3n que pueda identificarlo se mantendr\u00e1 confidencial y se almacenar\u00e1 por separado del resto de su informaci\u00f3n.<\/p>\n<\/div><\/div><\/div>\n\n\n\n<div class=\"wp-block-kadence-pane kt-accordion-pane kt-accordion-pane-5 kt-pane20_e85822-8f\"><div class=\"kt-accordion-header-wrap\"><button class=\"kt-blocks-accordion-header kt-acccordion-button-label-show\" type=\"button\"><span class=\"kt-blocks-accordion-title-wrap\"><span class=\"kt-blocks-accordion-title\"><strong>Almacenamiento Seguro de Su Informaci\u00f3n<\/strong><\/span><\/span><span class=\"kt-blocks-accordion-icon-trigger\"><\/span><\/button><\/div><div class=\"kt-accordion-panel kt-accordion-panel-hidden\"><div class=\"kt-accordion-panel-inner\">\n<p class=\"has-black-color has-text-color has-link-color has-medium-font-size wp-elements-ac4c036a77b1e9d04d4193966653b1f3\">Toda la informaci\u00f3n que proporcione durante la entrevista se almacenar\u00e1 de manera segura, utilizando los m\u00e1s altos est\u00e1ndares de seguridad y confidencialidad. <\/p>\n<\/div><\/div><\/div>\n<\/div><\/div><\/div>\n\n\n\n<p class=\"has-black-color has-text-color has-link-color has-medium-font-size wp-elements-9ea9de3557edab6b4469dff93e6affdc\"><\/p>\n\n\n<style>.wp-block-kadence-spacer.kt-block-spacer-20_e93489-83 .kt-block-spacer{height:59px;}.wp-block-kadence-spacer.kt-block-spacer-20_e93489-83 .kt-divider{border-top-width:1px;height:1px;border-top-color:#22415a;width:70%;border-top-style:solid;}<\/style>\n<div class=\"wp-block-kadence-spacer aligncenter kt-block-spacer-20_e93489-83\"><div class=\"kt-block-spacer kt-block-spacer-halign-center\"><hr class=\"kt-divider\"\/><\/div><\/div>\n\n\n\n<p class=\"has-text-color has-link-color has-medium-font-size wp-elements-004fbe2e23f7ec83c18db045f77c5f94\" style=\"color:#000000\">El estudio se compromete a garantizar que todas las personas puedan acceder a este sitio web y sus herramientas. Mantenemos este compromiso mediante:<\/p>\n\n\n\n<figure class=\"wp-block-image size-large\"><img loading=\"lazy\" decoding=\"async\" width=\"942\" height=\"628\" src=\"https:\/\/addhealth-parentstudy.cpc.unc.edu\/wp-content\/uploads\/2025\/01\/AHPS_Stock52-942x628.jpeg\" alt=\"Mature Grandmother reading to grandchildren\" class=\"wp-image-1137\" srcset=\"https:\/\/addhealth-parentstudy.cpc.unc.edu\/wp-content\/uploads\/2025\/01\/AHPS_Stock52-942x628.jpeg 942w, https:\/\/addhealth-parentstudy.cpc.unc.edu\/wp-content\/uploads\/2025\/01\/AHPS_Stock52-300x200.jpeg 300w, https:\/\/addhealth-parentstudy.cpc.unc.edu\/wp-content\/uploads\/2025\/01\/AHPS_Stock52-150x100.jpeg 150w, https:\/\/addhealth-parentstudy.cpc.unc.edu\/wp-content\/uploads\/2025\/01\/AHPS_Stock52-768x512.jpeg 768w, https:\/\/addhealth-parentstudy.cpc.unc.edu\/wp-content\/uploads\/2025\/01\/AHPS_Stock52-1536x1024.jpeg 1536w, https:\/\/addhealth-parentstudy.cpc.unc.edu\/wp-content\/uploads\/2025\/01\/AHPS_Stock52-2048x1365.jpeg 2048w, https:\/\/addhealth-parentstudy.cpc.unc.edu\/wp-content\/uploads\/2025\/01\/AHPS_Stock52-18x12.jpeg 18w\" sizes=\"auto, (max-width: 942px) 100vw, 942px\" \/><\/figure>\n\n\n\n<ul class=\"wp-block-list\">\n<li class=\"has-text-color has-link-color has-medium-font-size wp-elements-046e7cf47f887ddd91cdd6de07a893fe\" style=\"color:#22415a\">Making our website easy to navigate and read<\/li>\n\n\n\n<li class=\"has-text-color has-link-color has-medium-font-size wp-elements-14423ac4201bb0e5a64f9d02008b49a6\" style=\"color:#22415a\">Incorporar la accesibilidad en todas las fases del proceso del estudio<\/li>\n\n\n\n<li class=\"has-text-color has-link-color has-medium-font-size wp-elements-567f6c99c49af86c94a76e2c08093f1c\" style=\"color:#22415a\">Checking usability through testing, feedback, and reviews<\/li>\n\n\n\n<li class=\"has-text-color has-link-color has-medium-font-size wp-elements-b2f2acf2108450b09ed9627d5747b47c\" style=\"color:#22415a\">Manteni\u00e9ndonos al d\u00eda con las nuevas tecnolog\u00edas y tendencias<\/li>\n<\/ul>\n\n\n<style>.wp-block-kadence-spacer.kt-block-spacer-20_b01268-3d .kt-block-spacer{height:59px;}.wp-block-kadence-spacer.kt-block-spacer-20_b01268-3d .kt-divider{border-top-width:1px;height:1px;border-top-color:#22415a;width:70%;border-top-style:solid;}<\/style>\n<div class=\"wp-block-kadence-spacer aligncenter kt-block-spacer-20_b01268-3d\"><div class=\"kt-block-spacer kt-block-spacer-halign-center\"><hr class=\"kt-divider\"\/><\/div><\/div>\n\n\n\n<h2 class=\"wp-block-heading has-text-align-center has-white-color has-text-color has-background has-link-color has-medium-font-size wp-elements-623d9e76b9e434198a5ab643c807b321\" style=\"background-color:#22415a\">Informaci\u00f3n sobre Accesibilidad<\/h2>\n\n\n\n<div class=\"wp-block-columns is-layout-flex wp-container-core-columns-is-layout-9d6595d7 wp-block-columns-is-layout-flex\">\n<div class=\"wp-block-column is-layout-flow wp-block-column-is-layout-flow\" style=\"flex-basis:33.33%\"><style>.kb-image20_18d555-4f.kb-image-is-ratio-size, .kb-image20_18d555-4f .kb-image-is-ratio-size{max-width:274px;width:100%;}.wp-block-kadence-column > .kt-inside-inner-col > .kb-image20_18d555-4f.kb-image-is-ratio-size, .wp-block-kadence-column > .kt-inside-inner-col > .kb-image20_18d555-4f .kb-image-is-ratio-size{align-self:unset;}.kb-image20_18d555-4f{max-width:274px;}.image-is-svg.kb-image20_18d555-4f{-webkit-flex:0 1 100%;flex:0 1 100%;}.image-is-svg.kb-image20_18d555-4f img{width:100%;}.kb-image20_18d555-4f .kb-image-has-overlay:after{opacity:0.3;}<\/style>\n<figure class=\"wp-block-kadence-image kb-image20_18d555-4f size-large .hover-enlarge\"><img loading=\"lazy\" decoding=\"async\" width=\"249\" height=\"628\" src=\"https:\/\/addhealth-parentstudy.cpc.unc.edu\/wp-content\/uploads\/2025\/01\/20241216-Accessibility-Graphic-249x628.png\" alt=\"\" class=\"kb-img wp-image-1180\" srcset=\"https:\/\/addhealth-parentstudy.cpc.unc.edu\/wp-content\/uploads\/2025\/01\/20241216-Accessibility-Graphic-249x628.png 249w, https:\/\/addhealth-parentstudy.cpc.unc.edu\/wp-content\/uploads\/2025\/01\/20241216-Accessibility-Graphic-119x300.png 119w, https:\/\/addhealth-parentstudy.cpc.unc.edu\/wp-content\/uploads\/2025\/01\/20241216-Accessibility-Graphic-60x150.png 60w, https:\/\/addhealth-parentstudy.cpc.unc.edu\/wp-content\/uploads\/2025\/01\/20241216-Accessibility-Graphic-5x12.png 5w, https:\/\/addhealth-parentstudy.cpc.unc.edu\/wp-content\/uploads\/2025\/01\/20241216-Accessibility-Graphic.png 453w\" sizes=\"auto, (max-width: 249px) 100vw, 249px\" \/><\/figure>\n<\/div>\n\n\n\n<div class=\"wp-block-column is-layout-flow wp-block-column-is-layout-flow\" style=\"flex-basis:66.66%\">\n<p class=\"has-black-color has-text-color has-link-color has-medium-font-size wp-elements-d5191721d17b061649770bdc0d03cf95\">Superaremos los est\u00e1ndares de accesibilidad federales e industriales para asegurarnos de que nuestras herramientas sean realmente utilizables, independientemente de las capacidades auditivas, visuales, motoras o de comunicaci\u00f3n.<\/p>\n\n\n<style>.kb-image20_43c7bb-d1 .kb-image-has-overlay:after{opacity:0.3;}<\/style>\n<figure class=\"wp-block-kadence-image kb-image20_43c7bb-d1 size-large\"><img loading=\"lazy\" decoding=\"async\" width=\"942\" height=\"628\" src=\"https:\/\/addhealth-parentstudy.cpc.unc.edu\/wp-content\/uploads\/2025\/01\/AHPS_Stock54-942x628.jpeg\" alt=\"Mature Black man hugging his guide dog while sitting on sofa at home\" class=\"kb-img wp-image-1140\" srcset=\"https:\/\/addhealth-parentstudy.cpc.unc.edu\/wp-content\/uploads\/2025\/01\/AHPS_Stock54-942x628.jpeg 942w, https:\/\/addhealth-parentstudy.cpc.unc.edu\/wp-content\/uploads\/2025\/01\/AHPS_Stock54-300x200.jpeg 300w, https:\/\/addhealth-parentstudy.cpc.unc.edu\/wp-content\/uploads\/2025\/01\/AHPS_Stock54-150x100.jpeg 150w, https:\/\/addhealth-parentstudy.cpc.unc.edu\/wp-content\/uploads\/2025\/01\/AHPS_Stock54-768x512.jpeg 768w, https:\/\/addhealth-parentstudy.cpc.unc.edu\/wp-content\/uploads\/2025\/01\/AHPS_Stock54-1536x1024.jpeg 1536w, https:\/\/addhealth-parentstudy.cpc.unc.edu\/wp-content\/uploads\/2025\/01\/AHPS_Stock54-18x12.jpeg 18w\" sizes=\"auto, (max-width: 942px) 100vw, 942px\" \/><\/figure>\n\n\n\n<p class=\"has-black-color has-text-color has-link-color has-medium-font-size wp-elements-75f8ead398a5a544a75e6439a9a50a47\">Los est\u00e1ndares de accesibilidad est\u00e1n definidos por la Secci\u00f3n 508 de la Ley de Rehabilitaci\u00f3n Federal y tambi\u00e9n por las Pautas de Accesibilidad para el Contenido Web en el Nivel de Conformidad \"Doble-A\", tal como lo establece la Iniciativa de Accesibilidad Web del Consorcio World Wide Web.<\/p>\n<\/div>\n<\/div>\n\n\n\n<p class=\"has-black-color has-text-color has-link-color has-medium-font-size wp-elements-9ea9de3557edab6b4469dff93e6affdc\"><\/p>\n\n\n<style>.wp-block-kadence-spacer.kt-block-spacer-20_c7182c-89 .kt-block-spacer{height:60px;}.wp-block-kadence-spacer.kt-block-spacer-20_c7182c-89 .kt-divider{border-top-width:1px;height:1px;border-top-color:#22415a;width:70%;border-top-style:solid;}<\/style>\n<div class=\"wp-block-kadence-spacer aligncenter kt-block-spacer-20_c7182c-89\"><div class=\"kt-block-spacer kt-block-spacer-halign-center\"><hr class=\"kt-divider\"\/><\/div><\/div>\n\n\n\n<p><\/p>","protected":false},"excerpt":{"rendered":"<p>Online Security<\/p>","protected":false},"author":1,"featured_media":784,"parent":0,"menu_order":0,"comment_status":"closed","ping_status":"closed","template":"","meta":{"_acf_changed":false,"footnotes":""},"class_list":["post-20","page","type-page","status-publish","has-post-thumbnail","hentry"],"acf":[],"_links":{"self":[{"href":"https:\/\/addhealth-parentstudy.cpc.unc.edu\/es\/wp-json\/wp\/v2\/pages\/20","targetHints":{"allow":["GET"]}}],"collection":[{"href":"https:\/\/addhealth-parentstudy.cpc.unc.edu\/es\/wp-json\/wp\/v2\/pages"}],"about":[{"href":"https:\/\/addhealth-parentstudy.cpc.unc.edu\/es\/wp-json\/wp\/v2\/types\/page"}],"author":[{"embeddable":true,"href":"https:\/\/addhealth-parentstudy.cpc.unc.edu\/es\/wp-json\/wp\/v2\/users\/1"}],"replies":[{"embeddable":true,"href":"https:\/\/addhealth-parentstudy.cpc.unc.edu\/es\/wp-json\/wp\/v2\/comments?post=20"}],"version-history":[{"count":69,"href":"https:\/\/addhealth-parentstudy.cpc.unc.edu\/es\/wp-json\/wp\/v2\/pages\/20\/revisions"}],"predecessor-version":[{"id":1393,"href":"https:\/\/addhealth-parentstudy.cpc.unc.edu\/es\/wp-json\/wp\/v2\/pages\/20\/revisions\/1393"}],"wp:featuredmedia":[{"embeddable":true,"href":"https:\/\/addhealth-parentstudy.cpc.unc.edu\/es\/wp-json\/wp\/v2\/media\/784"}],"wp:attachment":[{"href":"https:\/\/addhealth-parentstudy.cpc.unc.edu\/es\/wp-json\/wp\/v2\/media?parent=20"}],"curies":[{"name":"wp","href":"https:\/\/api.w.org\/{rel}","templated":true}]}}